{"id":5707,"date":"2015-02-19T09:48:19","date_gmt":"2015-02-19T09:48:19","guid":{"rendered":"http:\/\/demo2.wpresidence.net\/?page_id=5707"},"modified":"2025-05-05T00:15:36","modified_gmt":"2025-05-05T00:15:36","slug":"contact-us","status":"publish","type":"page","link":"https:\/\/www.moussaipromotion.com\/?page_id=5707","title":{"rendered":"Contactez-nous"},"content":{"rendered":"<p class=\"\" data-start=\"93\" data-end=\"461\"><strong data-start=\"93\" data-end=\"461\">Que vous soyez \u00e0 la recherche d\u2019un bien \u00e0 vendre ou \u00e0 louer, Moussai Promotion rend votre exp\u00e9rience simple et rapide. Gr\u00e2ce \u00e0 notre outil de g\u00e9olocalisation avanc\u00e9, trouvez facilement la villa, l\u2019appartement ou la maison de ville qui vous convient, et contactez directement les propri\u00e9taires. Nous vous aidons \u00e0 d\u00e9nicher le bien de vos r\u00eaves en quelques secondes.<\/strong><\/p>\n<p class=\"\" data-start=\"463\" data-end=\"853\"><strong data-start=\"463\" data-end=\"853\">Chez Moussai Promotion, nous mettons \u00e0 votre disposition une expertise compl\u00e8te dans tous les aspects de l\u2019achat et de la vente immobili\u00e8re. Qu\u2019il s\u2019agisse de vous accompagner dans votre recherche, de vous informer sur les nouveaux projets en Alg\u00e9rie, ou de vous assister dans la vente de votre bien, notre \u00e9quipe est \u00e0 votre \u00e9coute. N\u2019h\u00e9sitez pas \u00e0 nous contacter pour toute question !<\/strong><\/p>\n","protected":false},"excerpt":{"rendered":"<p>Que vous soyez \u00e0 la recherche d\u2019un bien \u00e0 vendre ou \u00e0 louer, Moussai Promotion rend votre exp\u00e9rience simple et rapide. Gr\u00e2ce \u00e0 notre outil de g\u00e9olocalisation avanc\u00e9, trouvez facilement la villa, l\u2019appartement ou la maison de ville qui vous convient, et contactez directement les propri\u00e9taires. Nous vous aidons \u00e0 d\u00e9nicher le bien de vos r\u00eaves en quelques secondes. Chez Moussai Promotion, nous mettons &#8230;<\/p>\n","protected":false},"author":1,"featured_media":0,"parent":0,"menu_order":0,"comment_status":"open","ping_status":"open","template":"page-templates\/contact_page.php","meta":{"inline_featured_image":false,"footnotes":""},"class_list":["post-5707","page","type-page","status-publish","hentry"],"_links":{"self":[{"href":"https:\/\/www.moussaipromotion.com\/index.php?rest_route=\/wp\/v2\/pages\/5707","targetHints":{"allow":["GET"]}}],"collection":[{"href":"https:\/\/www.moussaipromotion.com\/index.php?rest_route=\/wp\/v2\/pages"}],"about":[{"href":"https:\/\/www.moussaipromotion.com\/index.php?rest_route=\/wp\/v2\/types\/page"}],"author":[{"embeddable":true,"href":"https:\/\/www.moussaipromotion.com\/index.php?rest_route=\/wp\/v2\/users\/1"}],"replies":[{"embeddable":true,"href":"https:\/\/www.moussaipromotion.com\/index.php?rest_route=%2Fwp%2Fv2%2Fcomments&post=5707"}],"version-history":[{"count":3,"href":"https:\/\/www.moussaipromotion.com\/index.php?rest_route=\/wp\/v2\/pages\/5707\/revisions"}],"predecessor-version":[{"id":25307,"href":"https:\/\/www.moussaipromotion.com\/index.php?rest_route=\/wp\/v2\/pages\/5707\/revisions\/25307"}],"wp:attachment":[{"href":"https:\/\/www.moussaipromotion.com\/index.php?rest_route=%2Fwp%2Fv2%2Fmedia&parent=5707"}],"curies":[{"name":"wp","href":"https:\/\/api.w.org\/{rel}","templated":true}]}}